{"id":211,"date":"2015-01-25T00:16:32","date_gmt":"2015-01-25T00:16:32","guid":{"rendered":"http:\/\/milafran.com\/de\/home\/"},"modified":"2020-05-12T10:12:37","modified_gmt":"2020-05-12T10:12:37","slug":"home","status":"publish","type":"page","link":"http:\/\/milafran.com\/de\/","title":{"rendered":"Beginn"},"content":{"rendered":"<div class=\"wpb-content-wrapper\">[vc_row parallax=&#8221;content-moving&#8221; center_row=&#8221;yes&#8221; wpex_bg_overlay=&#8221;color&#8221; bg_style=&#8221;stretch&#8221; style=&#8221;light&#8221; css=&#8221;.vc_custom_1476673966792{padding-top: 130px !important;padding-bottom: 100px !important;background: #0a0a0a url(http:\/\/milafran.com\/wp-content\/uploads\/2015\/01\/10-e1422148347664.jpg?id=42);}&#8221; wpex_bg_overlay_opacity=&#8221;0.5&#8243;][vc_column]<style>.vcex-heading.vcex_69f1ced4977a1{color:#ffffff;font-size:36px;}<\/style><h1 class=\"vcex-heading vcex-heading-plain vcex-module wpex-heading wpex-text-2xl wpex-text-center vcex_69f1ced4977a1\"><span class=\"vcex-heading-inner wpex-inline-block\">BAUHANDWERK IN TENERIFFA<\/span><\/h1><div class=\"vcex-spacing wpex-w-100 wpex-clear\"><\/div>[vc_column_text color=&#8221;#ffffff&#8221; font_size=&#8221;21px&#8221;]\n<p style=\"text-align: center;\">Wir sind Experten auf unserem Gebiet, Geb\u00e4ude, was Sie so, wie Sie es w\u00fcnschen m\u00f6chten.<br \/>\nPr\u00e4zise, produktiv und sehr motiviert. Mehr als 30 Jahre Erfahrung hinter uns.<\/p>\n[\/vc_column_text]<div class=\"vcex-spacing wpex-w-100 wpex-clear\"><\/div><style>.vcex-button.vcex_69f1ced4984cd{background:#ffb700;font-size:16px;}.vcex-button.vcex_69f1ced4984cd:hover{background:#ffc32d!important;color:#000000!important;}<\/style><div class=\"theme-button-wrap textcenter wpex-clr\"><a href=\"http:\/\/milafran.com\/de\/kontakt\" class=\"vcex-button theme-button flat align-center inline vcex_69f1ced4984cd\" title=\"iCH WILL BUDGET ZU\" target=\"_blank\" rel=\"nofollow noopener noreferrer\"><span class=\"vcex-button-inner theme-button-inner wpex-flex wpex-flex-wrap wpex-items-center wpex-justify-center\">iCH WILL BUDGET ZU<span class=\"vcex-button-icon vcex-icon-wrap theme-button-icon-right\"><span class=\"wpex-icon wpex-icon--bidi\" aria-hidden=\"true\"><svg xmlns=\"http:\/\/www.w3.org\/2000\/svg\" viewBox=\"0 0 320 512\"><path d=\"M310.6 233.4c12.5 12.5 12.5 32.8 0 45.3l-192 192c-12.5 12.5-32.8 12.5-45.3 0s-12.5-32.8 0-45.3L242.7 256 73.4 86.6c-12.5-12.5-12.5-32.8 0-45.3s32.8-12.5 45.3 0l192 192z\"\/><\/svg><\/span><\/span><\/span><\/a><\/div> [\/vc_column][\/vc_row][vc_row center_row=&#8221;yes&#8221; css=&#8221;.vc_custom_1460667407935{padding-top: 80px !important;padding-bottom: 50px !important;}&#8221;][vc_column width=&#8221;1\/3&#8243;]<style>.vcex-icon-box.vcex_69f1ced498f6d .vcex-icon-box-heading{font-weight:400;text-transform:uppercase;}.vcex-icon-box.vcex_69f1ced498f6d .vcex-icon-box-icon{font-size:40px;color:#222222;}<\/style><div class=\"vcex-module vcex-icon-box vcex-icon-box-two wpex-block wpex-text-center vcex_69f1ced498f6d\"><div class=\"vcex-icon-box-symbol vcex-icon-box-symbol--icon wpex-mb-20\"><div class=\"vcex-icon-box-icon wpex-items-center wpex-justify-center wpex-child-inherit-color wpex-text-center wpex-leading-none wpex-inline-flex wpex-text-1\"><span class=\"wpex-flex wpex-icon\" aria-hidden=\"true\"><svg xmlns=\"http:\/\/www.w3.org\/2000\/svg\" viewBox=\"0 0 640 512\"><path d=\"M144 0a80 80 0 1 1 0 160A80 80 0 1 1 144 0zM512 0a80 80 0 1 1 0 160A80 80 0 1 1 512 0zM0 298.7C0 239.8 47.8 192 106.7 192h42.7c15.9 0 31 3.5 44.6 9.7c-1.3 7.2-1.9 14.7-1.9 22.3c0 38.2 16.8 72.5 43.3 96c-.2 0-.4 0-.7 0H21.3C9.6 320 0 310.4 0 298.7zM405.3 320c-.2 0-.4 0-.7 0c26.6-23.5 43.3-57.8 43.3-96c0-7.6-.7-15-1.9-22.3c13.6-6.3 28.7-9.7 44.6-9.7h42.7C592.2 192 640 239.8 640 298.7c0 11.8-9.6 21.3-21.3 21.3H405.3zM224 224a96 96 0 1 1 192 0 96 96 0 1 1 -192 0zM128 485.3C128 411.7 187.7 352 261.3 352H378.7C452.3 352 512 411.7 512 485.3c0 14.7-11.9 26.7-26.7 26.7H154.7c-14.7 0-26.7-11.9-26.7-26.7z\"\/><\/svg><\/span><\/div><\/div><div class=\"vcex-icon-box-text\"><h2 class=\"vcex-icon-box-heading wpex-heading wpex-text-md wpex-mb-10\">Qualifiziert<\/h2><div class=\"vcex-icon-box-content wpex-last-mb-0 wpex-clr\"><p>Unser Team ist das beste in der Branche, so k\u00f6nnen Sie sicher sein, dass Sie die besten Mannschaft.<\/p>\n<\/div><\/div><\/div>[\/vc_column][vc_column width=&#8221;1\/3&#8243;]<style>.vcex-icon-box.vcex_69f1ced499604 .vcex-icon-box-heading{font-weight:400;text-transform:uppercase;}.vcex-icon-box.vcex_69f1ced499604 .vcex-icon-box-icon{font-size:40px;color:#222222;}<\/style><div class=\"vcex-module vcex-icon-box vcex-icon-box-two wpex-block wpex-text-center vcex_69f1ced499604\"><div class=\"vcex-icon-box-symbol vcex-icon-box-symbol--icon wpex-mb-20\"><div class=\"vcex-icon-box-icon wpex-items-center wpex-justify-center wpex-child-inherit-color wpex-text-center wpex-leading-none wpex-inline-flex wpex-text-1\"><span class=\"wpex-flex wpex-icon\" aria-hidden=\"true\"><svg xmlns=\"http:\/\/www.w3.org\/2000\/svg\" viewBox=\"0 0 576 512\"><path d=\"M290.8 48.6l78.4 29.7L288 109.5 206.8 78.3l78.4-29.7c1.8-.7 3.8-.7 5.7 0zM136 92.5V204.7c-1.3 .4-2.6 .8-3.9 1.3l-96 36.4C14.4 250.6 0 271.5 0 294.7V413.9c0 22.2 13.1 42.3 33.5 51.3l96 42.2c14.4 6.3 30.7 6.3 45.1 0L288 457.5l113.5 49.9c14.4 6.3 30.7 6.3 45.1 0l96-42.2c20.3-8.9 33.5-29.1 33.5-51.3V294.7c0-23.3-14.4-44.1-36.1-52.4l-96-36.4c-1.3-.5-2.6-.9-3.9-1.3V92.5c0-23.3-14.4-44.1-36.1-52.4l-96-36.4c-12.8-4.8-26.9-4.8-39.7 0l-96 36.4C150.4 48.4 136 69.3 136 92.5zM392 210.6l-82.4 31.2V152.6L392 121v89.6zM154.8 250.9l78.4 29.7L152 311.7 70.8 280.6l78.4-29.7c1.8-.7 3.8-.7 5.7 0zm18.8 204.4V354.8L256 323.2v95.9l-82.4 36.2zM421.2 250.9c1.8-.7 3.8-.7 5.7 0l78.4 29.7L424 311.7l-81.2-31.1 78.4-29.7zM523.2 421.2l-77.6 34.1V354.8L528 323.2v90.7c0 3.2-1.9 6-4.8 7.3z\"\/><\/svg><\/span><\/div><\/div><div class=\"vcex-icon-box-text\"><h2 class=\"vcex-icon-box-heading wpex-heading wpex-text-md wpex-mb-10\">Entwickelt um Ihnen zu entsprechen<\/h2><div class=\"vcex-icon-box-content wpex-last-mb-0 wpex-clr\"><p>Einzigartige Designs speziell f\u00fcr Sie erstellt. Immer Sie das gesamte Projekt f\u00fcr Sie. Garantie 100% Milafran and Sons.<\/p>\n<\/div><\/div><\/div>[\/vc_column][vc_column width=&#8221;1\/3&#8243;]<style>.vcex-icon-box.vcex_69f1ced499c78 .vcex-icon-box-heading{font-weight:400;text-transform:uppercase;}.vcex-icon-box.vcex_69f1ced499c78 .vcex-icon-box-icon{font-size:40px;color:#222222;}<\/style><div class=\"vcex-module vcex-icon-box vcex-icon-box-two wpex-block wpex-text-center vcex_69f1ced499c78\"><div class=\"vcex-icon-box-symbol vcex-icon-box-symbol--icon wpex-mb-20\"><div class=\"vcex-icon-box-icon wpex-items-center wpex-justify-center wpex-child-inherit-color wpex-text-center wpex-leading-none wpex-inline-flex wpex-text-1\"><span class=\"wpex-flex wpex-icon\" aria-hidden=\"true\"><svg xmlns=\"http:\/\/www.w3.org\/2000\/svg\" viewBox=\"0 0 640 512\"><path d=\"M308.5 135.3c7.1-6.3 9.9-16.2 6.2-25c-2.3-5.3-4.8-10.5-7.6-15.5L304 89.4c-3-5-6.3-9.9-9.8-14.6c-5.7-7.6-15.7-10.1-24.7-7.1l-28.2 9.3c-10.7-8.8-23-16-36.2-20.9L199 27.1c-1.9-9.3-9.1-16.7-18.5-17.8C173.9 8.4 167.2 8 160.4 8h-.7c-6.8 0-13.5 .4-20.1 1.2c-9.4 1.1-16.6 8.6-18.5 17.8L115 56.1c-13.3 5-25.5 12.1-36.2 20.9L50.5 67.8c-9-3-19-.5-24.7 7.1c-3.5 4.7-6.8 9.6-9.9 14.6l-3 5.3c-2.8 5-5.3 10.2-7.6 15.6c-3.7 8.7-.9 18.6 6.2 25l22.2 19.8C32.6 161.9 32 168.9 32 176s.6 14.1 1.7 20.9L11.5 216.7c-7.1 6.3-9.9 16.2-6.2 25c2.3 5.3 4.8 10.5 7.6 15.6l3 5.2c3 5.1 6.3 9.9 9.9 14.6c5.7 7.6 15.7 10.1 24.7 7.1l28.2-9.3c10.7 8.8 23 16 36.2 20.9l6.1 29.1c1.9 9.3 9.1 16.7 18.5 17.8c6.7 .8 13.5 1.2 20.4 1.2s13.7-.4 20.4-1.2c9.4-1.1 16.6-8.6 18.5-17.8l6.1-29.1c13.3-5 25.5-12.1 36.2-20.9l28.2 9.3c9 3 19 .5 24.7-7.1c3.5-4.7 6.8-9.5 9.8-14.6l3.1-5.4c2.8-5 5.3-10.2 7.6-15.5c3.7-8.7 .9-18.6-6.2-25l-22.2-19.8c1.1-6.8 1.7-13.8 1.7-20.9s-.6-14.1-1.7-20.9l22.2-19.8zM112 176a48 48 0 1 1 96 0 48 48 0 1 1 -96 0zM504.7 500.5c6.3 7.1 16.2 9.9 25 6.2c5.3-2.3 10.5-4.8 15.5-7.6l5.4-3.1c5-3 9.9-6.3 14.6-9.8c7.6-5.7 10.1-15.7 7.1-24.7l-9.3-28.2c8.8-10.7 16-23 20.9-36.2l29.1-6.1c9.3-1.9 16.7-9.1 17.8-18.5c.8-6.7 1.2-13.5 1.2-20.4s-.4-13.7-1.2-20.4c-1.1-9.4-8.6-16.6-17.8-18.5L583.9 307c-5-13.3-12.1-25.5-20.9-36.2l9.3-28.2c3-9 .5-19-7.1-24.7c-4.7-3.5-9.6-6.8-14.6-9.9l-5.3-3c-5-2.8-10.2-5.3-15.6-7.6c-8.7-3.7-18.6-.9-25 6.2l-19.8 22.2c-6.8-1.1-13.8-1.7-20.9-1.7s-14.1 .6-20.9 1.7l-19.8-22.2c-6.3-7.1-16.2-9.9-25-6.2c-5.3 2.3-10.5 4.8-15.6 7.6l-5.2 3c-5.1 3-9.9 6.3-14.6 9.9c-7.6 5.7-10.1 15.7-7.1 24.7l9.3 28.2c-8.8 10.7-16 23-20.9 36.2L315.1 313c-9.3 1.9-16.7 9.1-17.8 18.5c-.8 6.7-1.2 13.5-1.2 20.4s.4 13.7 1.2 20.4c1.1 9.4 8.6 16.6 17.8 18.5l29.1 6.1c5 13.3 12.1 25.5 20.9 36.2l-9.3 28.2c-3 9-.5 19 7.1 24.7c4.7 3.5 9.5 6.8 14.6 9.8l5.4 3.1c5 2.8 10.2 5.3 15.5 7.6c8.7 3.7 18.6 .9 25-6.2l19.8-22.2c6.8 1.1 13.8 1.7 20.9 1.7s14.1-.6 20.9-1.7l19.8 22.2zM464 304a48 48 0 1 1 0 96 48 48 0 1 1 0-96z\"\/><\/svg><\/span><\/div><\/div><div class=\"vcex-icon-box-text\"><h2 class=\"vcex-icon-box-heading wpex-heading wpex-text-md wpex-mb-10\">Kundendienst<\/h2><div class=\"vcex-icon-box-content wpex-last-mb-0 wpex-clr\"><p>Wir sind f\u00fcr Sie vor, w\u00e4hrend und nach. Wenn Sie \u00c4nderungen vornehmen m\u00f6chten oder Fragen haben, bitte kontaktieren Sie uns. Wir stehen zu Ihrer Verf\u00fcgung.<\/p>\n<\/div><\/div><\/div>[\/vc_column][\/vc_row][vc_row center_row=&#8221;yes&#8221; css=&#8221;.vc_custom_1460667311892{padding-top: 60px !important;padding-bottom: 50px !important;background-color: #efefef !important;}&#8221;][vc_column]<style>.vcex-heading.vcex_69f1ced49a224{font-size:28px;}<\/style><h2 class=\"vcex-heading vcex-heading-plain vcex-module wpex-heading wpex-text-2xl wpex-text-center vcex_69f1ced49a224\"><span class=\"vcex-heading-inner wpex-inline-block\">EIN WENIG \u00dcBER UNS.<\/span><\/h2><div class=\"vcex-spacing wpex-w-100 wpex-clear\"><\/div>[vc_column_text]\n<p style=\"text-align: center;\">Die lange Geschichte des Unternehmens sowie umfangreiche Berufserfahrung , machen uns einen sehr guten Ruf und einen guten Ruf von unseren Kunden zu genie\u00dfen, die wieder unsere Dienste immer wieder anfordern.<\/p>\n<p style=\"text-align: center;\">In dieser langen Geschichte, haben wir in unserem Lehrplan, mit einer Menge von Arbeiten, wie zum Beispiel: Wohnsiedlungen , Wohngeb\u00e4ude , Einfamilien- Luxush\u00e4user , Doppelh\u00e4user und Reihenh\u00e4user , Reformen der Gesch\u00e4ftsr\u00e4ume , Wohnungen, usw.<\/p>\n[\/vc_column_text][\/vc_column][\/vc_row][vc_row center_row=&#8221;&#8221;][vc_column css=&#8221;.vc_custom_1483024755974{margin-bottom: 0px !important;padding-top: 32px !important;background-color: #ffffff !important;}&#8221;]<style>.vcex-heading.vcex_69f1ced49a750{font-size:28px;}<\/style><h2 class=\"vcex-heading vcex-heading-plain vcex-module wpex-heading wpex-text-2xl wpex-text-center vc_custom_1589277252627 vcex_69f1ced49a750\"><a href=\"http:\/\/milafran.com\/contacto\/\" class=\"wpex-no-underline\" title=\"CONTACTO\" target=\"_blank\" rel=\"noopener noreferrer\"><span class=\"vcex-heading-inner wpex-inline-block\">UNSERE J\u00dcNGSTEN WERKE<\/span><\/a><\/h2>[\/vc_column][\/vc_row][vc_row center_row=&#8221;yes&#8221; css=&#8221;.vc_custom_1460667332041{padding-top: 50px !important;padding-bottom: 50px !important;background-color: #efefef !important;}&#8221;][vc_column]<style>.vcex-heading.vcex_69f1ced49bc0a{font-size:28px;}<\/style><h2 class=\"vcex-heading vcex-heading-plain vcex-module wpex-heading wpex-text-2xl wpex-text-center vcex_69f1ced49bc0a\"><a href=\"http:\/\/milafran.com\/contacto\/\" class=\"wpex-no-underline\" title=\"CONTACTO\" target=\"_blank\" rel=\"noopener noreferrer\"><span class=\"vcex-heading-inner wpex-inline-block\">\u00bfWEITERE INFORMATIONEN?<\/span><\/a><\/h2>[vc_empty_space height=&#8221;30px&#8221;]<style>.vcex-button.vcex_69f1ced49c139{background:#ffb700;font-size:16px;}.vcex-button.vcex_69f1ced49c139:hover{background:#ffc32d!important;color:#000000!important;}<\/style><div class=\"theme-button-wrap textcenter wpex-clr\"><a href=\"http:\/\/milafran.com\/contacto\/\" class=\"vcex-button theme-button flat align-center inline vcex_69f1ced49c139\" title=\"Erz\u00e4hl mir mehr\" target=\"_blank\" rel=\"nofollow noopener noreferrer\"><span class=\"vcex-button-inner theme-button-inner wpex-flex wpex-flex-wrap wpex-items-center wpex-justify-center\">WEITERE INFORMATIONEN<\/span><\/a><\/div> [\/vc_column][\/vc_row][vc_row parallax=&#8221;content-moving&#8221; center_row=&#8221;yes&#8221; wpex_bg_overlay=&#8221;color&#8221; css=&#8221;.vc_custom_1476227885303{padding-top: 100px !important;padding-bottom: 100px !important;background: #000000 url(http:\/\/milafran.com\/wp-content\/uploads\/2015\/01\/11dn.jpg?id=82);background-position:center;background-repeat: no-repeat !important;background-size: cover !important;}&#8221; wpex_bg_overlay_opacity=&#8221;0.3&#8243;][vc_column][vc_column_text font_size=&#8221;32px&#8221;]<span style=\"color: #ffffff;\">Bau-Experten seit 1975.<\/span><br \/>\n<span style=\"color: #ffffff;\">Holen Sie sich Ihren kostenlosen Angebot noch heute!<\/span>[\/vc_column_text]<div class=\"vcex-spacing wpex-w-100 wpex-clear\"><\/div><style>.vcex-button.vcex_69f1ced49c762:hover{background:#ffb700!important;color:#000000!important;}.vcex-button.vcex_69f1ced49c762{font-size:14px;font-weight:400;letter-spacing:2px;}<\/style><a href=\"http:\/\/milafran.com\/de\/kontakt\/\" class=\"vcex-button theme-button outline white inline vcex_69f1ced49c762\" title=\"Kontakt\"><span class=\"vcex-button-inner theme-button-inner wpex-flex wpex-flex-wrap wpex-items-center wpex-justify-center\">KONTAKT<\/span><\/a> [\/vc_column][\/vc_row][vc_row center_row=&#8221;yes&#8221; css=&#8221;.vc_custom_1460667358119{padding-top: 50px !important;padding-bottom: 20px !important;}&#8221;][vc_column]<style>.vcex-heading.vcex_69f1ced49cc0b{font-size:28px;}<\/style><h2 class=\"vcex-heading vcex-heading-plain vcex-module wpex-heading wpex-text-2xl wpex-text-center vcex_69f1ced49cc0b\"><span class=\"vcex-heading-inner wpex-inline-block\">WAS UNSERE KUNDEN DENKEN.<\/span><\/h2><div class=\"vcex-spacing wpex-w-100 wpex-clear\" style=\"height:40px;\"><\/div>[\/vc_column][\/vc_row]\n<\/div>","protected":false},"excerpt":{"rendered":"<p>[vc_row parallax=&#8221;content-moving&#8221; center_row=&#8221;yes&#8221; wpex_bg_overlay=&#8221;color&#8221; bg_style=&#8221;stretch&#8221; style=&#8221;light&#8221; css=&#8221;.vc_custom_1476673966792{padding-top: 130px !important;padding-bottom: 100px !important;background: #0a0a0a url(http:\/\/milafran.com\/wp-content\/uploads\/2015\/01\/10-e1422148347664.jpg?id=42);}&#8221; wpex_bg_overlay_opacity=&#8221;0.5&#8243;][vc_column][vc_column_text color=&#8221;#ffffff&#8221; font_size=&#8221;21px&#8221;] Wir sind Experten auf unserem Gebiet, Geb\u00e4ude, was Sie so, wie Sie es w\u00fcnschen m\u00f6chten. Pr\u00e4zise, produktiv und sehr motiviert. Mehr als 30 Jahre Erfahrung hinter uns. [\/vc_column_text][\/vc_column][\/vc_row][vc_row center_row=&#8221;yes&#8221; css=&#8221;.vc_custom_1460667407935{padding-top: 80px !important;padding-bottom: 50px !important;}&#8221;][vc_column width=&#8221;1\/3&#8243;][\/vc_column][vc_column width=&#8221;1\/3&#8243;][\/vc_column][vc_column width=&#8221;1\/3&#8243;][\/vc_column][\/vc_row][vc_row center_row=&#8221;yes&#8221; css=&#8221;.vc_custom_1460667311892{padding-top:&hellip;<\/p>\n","protected":false},"author":1,"featured_media":0,"parent":0,"menu_order":0,"comment_status":"closed","ping_status":"closed","template":"","meta":{"footnotes":""},"class_list":["post-211","page","type-page","status-publish","hentry","entry","no-media"],"_links":{"self":[{"href":"http:\/\/milafran.com\/de\/wp-json\/wp\/v2\/pages\/211","targetHints":{"allow":["GET"]}}],"collection":[{"href":"http:\/\/milafran.com\/de\/wp-json\/wp\/v2\/pages"}],"about":[{"href":"http:\/\/milafran.com\/de\/wp-json\/wp\/v2\/types\/page"}],"author":[{"embeddable":true,"href":"http:\/\/milafran.com\/de\/wp-json\/wp\/v2\/users\/1"}],"replies":[{"embeddable":true,"href":"http:\/\/milafran.com\/de\/wp-json\/wp\/v2\/comments?post=211"}],"version-history":[{"count":0,"href":"http:\/\/milafran.com\/de\/wp-json\/wp\/v2\/pages\/211\/revisions"}],"wp:attachment":[{"href":"http:\/\/milafran.com\/de\/wp-json\/wp\/v2\/media?parent=211"}],"curies":[{"name":"wp","href":"https:\/\/api.w.org\/{rel}","templated":true}]}}