{"id":225,"date":"2015-01-25T00:21:42","date_gmt":"2015-01-25T00:21:42","guid":{"rendered":"http:\/\/milafran.com\/de\/who-we-are\/"},"modified":"2017-01-03T15:19:34","modified_gmt":"2017-01-03T15:19:34","slug":"betrieb","status":"publish","type":"page","link":"http:\/\/milafran.com\/de\/betrieb\/","title":{"rendered":"Betrieb"},"content":{"rendered":"<div class=\"wpb-content-wrapper\">[vc_row center_row=&#8221;yes&#8221; typography_style=&#8221;white&#8221; bg_style=&#8221;stretch&#8221; style=&#8221;light&#8221; css=&#8221;.vc_custom_1483451042927{padding-top: 170px !important;padding-bottom: 140px !important;background-image: url(http:\/\/milafran.com\/wp-content\/uploads\/2015\/01\/comunidades-vecinos.jpg?id=638) !important;background-position: center !important;background-repeat: no-repeat !important;background-size: cover !important;}&#8221;][vc_column]<style>.vcex-heading.vcex_69f1df1a35eac{color:#000000;font-size:36px;font-weight:700;}<\/style><h1 class=\"vcex-heading vcex-heading-plain vcex-module wpex-heading wpex-text-2xl wpex-text-center vcex_69f1df1a35eac\"><span class=\"vcex-heading-inner wpex-inline-block\">EIN KLEINES WIR \u00dcBER UNS<\/span><\/h1><div class=\"vcex-spacing wpex-w-100 wpex-clear\" style=\"height:20px;\"><\/div>[vc_column_text]\n<p style=\"text-align: center;\"><span style=\"color: #000000;\"><span style=\"font-size: 21px;\">Die \u00dcbernahme eines neuen Bauprojekts ist eine gro\u00dfe Sache.<br \/>\n<\/span><span style=\"font-size: 21px;\">Gott sei Dank haben Sie uns gefunden.<\/span><\/span><\/p>\n[\/vc_column_text][\/vc_column][\/vc_row][vc_row center_row=&#8221;yes&#8221; css=&#8221;.vc_custom_1460667440356{padding-top: 70px !important;padding-bottom: 30px !important;}&#8221;][vc_column width=&#8221;1\/2&#8243;]<style>.vcex-heading.vcex_69f1df1a366c5{font-size:28px;}<\/style><h2 class=\"vcex-heading vcex-heading-plain vcex-module wpex-heading wpex-text-2xl vcex_69f1df1a366c5\"><span class=\"vcex-heading-inner wpex-inline-block\">DAS SIND WIR<\/span><\/h2><div class=\"vcex-spacing wpex-w-100 wpex-clear\" style=\"height:20px;\"><\/div>[vc_column_text]Gegr\u00fcndet 1975, Milafran e Hijos S.L. Arbeitet auf Teneriffa mit der Durchf\u00fchrung von Projekten des Baus und der Sanierung von Geb\u00e4uden aller Art mit einer starken Spezialisierung in schl\u00fcsselfertigen Projekten, fast alle seine Arbeiten sind auf die Geh\u00e4use-, Industrie-und Handelssektor ausgerichtet.<\/p>\n<p>Die Transparenz in den Prozessen, die gute Arbeit eines hochqualifizierten Teams und die konsolidierte Trajektorie von \u00fcber 35 Jahren im Bausektor sind einige der Faktoren, die es dem Unternehmen erm\u00f6glicht haben, sich als Ma\u00dfstab unter den Baufirmen zu etablieren die Insel.[\/vc_column_text][\/vc_column][vc_column width=&#8221;1\/2&#8243;][vc_column_text]Die Entwicklung des Unternehmens wird in einem ausgewogenen und nachhaltigen Wachstum gestaltet. In der Schaffung eines multidisziplin\u00e4ren Team, hoch professionelle, in der Lage, Qualit\u00e4t in allen Phasen der ausgef\u00fchrten Projekte zu gew\u00e4hrleisten.<\/p>\n<p>Die langj\u00e4hrige Firmengeschichte sowie die langj\u00e4hrige Berufserfahrung machen uns ein gro\u00dfes Ansehen und einen guten Ruf seitens unserer Kunden, die unsere Dienstleistungen immer wieder anfordern.<\/p>\n<p>Wir reformieren Ihr Haus oder Ihr Unternehmen Anpassung an Ihre Lebensweise, Ihren Stil oder Ihre Bed\u00fcrfnisse immer mit der h\u00f6chsten Qualit\u00e4t und Garantie. In Milafran und Hijos S.L. Wir beraten Sie bei der Auswahl der Materialien immer auf der Suche nach der besten Qualit\u00e4t &#8211; Preis &#8211; Option.[\/vc_column_text][\/vc_column][\/vc_row][vc_row center_row=&#8221;yes&#8221; css=&#8221;.vc_custom_1460667449134{padding-top: 70px !important;padding-bottom: 30px !important;background-color: #efefef !important;}&#8221;][vc_column width=&#8221;1\/2&#8243;]<style>.vcex-heading.vcex_69f1df1a36b89{font-size:28px;}<\/style><h2 class=\"vcex-heading vcex-heading-plain vcex-module wpex-heading wpex-text-2xl vcex_69f1df1a36b89\"><span class=\"vcex-heading-inner wpex-inline-block\">UNSERE PHILOSOPHIE<\/span><\/h2><div class=\"vcex-spacing wpex-w-100 wpex-clear\" style=\"height:20px;\"><\/div>[vc_column_text]Die pers\u00f6nliche Aufmerksamkeit, das Vertrauensverh\u00e4ltnis, die Pflege f\u00fcr jedes Detail &#8230; sind Pfeiler, die die Philosophie der Arbeit unterst\u00fctzen, mit der Milafran und Hijos S.L. Operiert von Anfang an. In dem Bewusstsein, dass der Erfolg des Unternehmens in diesen Verpflichtungen liegt, werden sie in jedem der durchgef\u00fchrten Projekte vollst\u00e4ndig angewandt.<\/p>\n<p>Das Unternehmen verf\u00fcgt \u00fcber ein multidisziplin\u00e4res Team, effektiv und effizient. Anpassung an die Ideen und Bed\u00fcrfnisse der Kunden, immer mit dem Ziel der Durchf\u00fchrung einer Arbeit von h\u00f6chster Qualit\u00e4t. Das Unternehmen eines dynamischen und innovativen Charakters ist strukturiert, um jede einzelne Phase des Projekts zu l\u00f6sen.<\/p>\n<p>Diese Unabh\u00e4ngigkeit erm\u00f6glicht es dem Unternehmen, Budgets und Ausf\u00fchrungszeiten zu garantieren.[\/vc_column_text][\/vc_column][vc_column width=&#8221;1\/2&#8243;][vc_single_image image=&#8221;84&#8243; style=&#8221;vc_box_circle&#8221;][\/vc_column][\/vc_row][vc_row center_row=&#8221;yes&#8221; css=&#8221;.vc_custom_1460667528807{padding-top: 70px !important;padding-bottom: 30px !important;}&#8221;][vc_column]<style>.vcex-heading.vcex_69f1df1a37028{font-size:28px;}<\/style><h2 class=\"vcex-heading vcex-heading-plain vcex-module wpex-heading wpex-text-2xl vcex_69f1df1a37028\"><span class=\"vcex-heading-inner wpex-inline-block\">DAS WARUM WIR TUN<\/span><\/h2><div class=\"vcex-spacing wpex-w-100 wpex-clear\" style=\"height:20px;\"><\/div>[vc_column_text]Milafran e Hijos S.L. Hat einen eigenen technischen Architekten, zus\u00e4tzlich zu einem festen Personal von mehr als 15 Arbeitnehmer, wo mehrere von ihnen bieten ihre Dienstleistungen in diesem Unternehmen seit mehr als 25 Jahren. So sind die Stabilit\u00e4t dieses Teams sowie die gute Arbeitsumgebung Faktoren, die die gute Arbeit von Milafran e Hijos S.L.<\/p>\n<p>Unser Team sammelt gro\u00dfe Erfahrung in der Behandlung von Materialien, eine Best\u00e4tigung bei der Durchf\u00fchrung einer Art von Projekten, die eine Delikatesse und besondere Pflege erfordern.[\/vc_column_text][\/vc_column][\/vc_row]\n<\/div>","protected":false},"excerpt":{"rendered":"<p>[vc_row center_row=&#8221;yes&#8221; typography_style=&#8221;white&#8221; bg_style=&#8221;stretch&#8221; style=&#8221;light&#8221; css=&#8221;.vc_custom_1483451042927{padding-top: 170px !important;padding-bottom: 140px !important;background-image: url(http:\/\/milafran.com\/wp-content\/uploads\/2015\/01\/comunidades-vecinos.jpg?id=638) !important;background-position: center !important;background-repeat: no-repeat !important;background-size: cover !important;}&#8221;][vc_column][vc_column_text] Die \u00dcbernahme eines neuen Bauprojekts ist eine gro\u00dfe Sache. Gott sei Dank haben Sie uns gefunden. [\/vc_column_text][\/vc_column][\/vc_row][vc_row center_row=&#8221;yes&#8221; css=&#8221;.vc_custom_1460667440356{padding-top: 70px !important;padding-bottom: 30px !important;}&#8221;][vc_column width=&#8221;1\/2&#8243;][vc_column_text]Gegr\u00fcndet 1975, Milafran e Hijos S.L. Arbeitet auf Teneriffa mit der Durchf\u00fchrung von Projekten&hellip;<\/p>\n","protected":false},"author":1,"featured_media":0,"parent":0,"menu_order":0,"comment_status":"closed","ping_status":"closed","template":"","meta":{"footnotes":""},"class_list":["post-225","page","type-page","status-publish","hentry","entry","no-media"],"_links":{"self":[{"href":"http:\/\/milafran.com\/de\/wp-json\/wp\/v2\/pages\/225","targetHints":{"allow":["GET"]}}],"collection":[{"href":"http:\/\/milafran.com\/de\/wp-json\/wp\/v2\/pages"}],"about":[{"href":"http:\/\/milafran.com\/de\/wp-json\/wp\/v2\/types\/page"}],"author":[{"embeddable":true,"href":"http:\/\/milafran.com\/de\/wp-json\/wp\/v2\/users\/1"}],"replies":[{"embeddable":true,"href":"http:\/\/milafran.com\/de\/wp-json\/wp\/v2\/comments?post=225"}],"version-history":[{"count":0,"href":"http:\/\/milafran.com\/de\/wp-json\/wp\/v2\/pages\/225\/revisions"}],"wp:attachment":[{"href":"http:\/\/milafran.com\/de\/wp-json\/wp\/v2\/media?parent=225"}],"curies":[{"name":"wp","href":"https:\/\/api.w.org\/{rel}","templated":true}]}}