{"id":231,"date":"2015-01-25T00:22:43","date_gmt":"2015-01-25T00:22:43","guid":{"rendered":"http:\/\/milafran.com\/de\/servicios\/"},"modified":"2020-05-12T10:25:26","modified_gmt":"2020-05-12T10:25:26","slug":"dienstleistungen","status":"publish","type":"page","link":"https:\/\/milafran.com\/de\/dienstleistungen\/","title":{"rendered":"Dienstleistungen"},"content":{"rendered":"<div class=\"wpb-content-wrapper\">[vc_row center_row=&#8221;&#8221;][vc_column margin_bottom=&#8221;0px&#8221;][\/vc_column][\/vc_row][vc_row center_row=&#8221;yes&#8221; column_spacing=&#8221;40&#8243; css=&#8221;.vc_custom_1476675481002{padding-top: 70px !important;}&#8221;][vc_column width=&#8221;1\/4&#8243;]<style>.vcex-icon-box.vcex_69f1db2e26c8d .vcex-icon-box-heading{text-transform:uppercase;}.vcex-icon-box.vcex_69f1db2e26c8d .vcex-icon-box-icon{font-size:36px;color:#000000;background-color:#ffb700;border-radius:99px;height:100px;width:100px;}.vcex-icon-box.vcex_69f1db2e26c8d .vcex-icon-box-symbol--icon{margin-block-end:30px;}<\/style><div class=\"vcex-module vcex-icon-box vcex-icon-box-two wpex-block wpex-text-center vcex_69f1db2e26c8d\"><div class=\"vcex-icon-box-symbol vcex-icon-box-symbol--icon wpex-mb-20\"><div class=\"vcex-icon-box-icon wpex-items-center wpex-justify-center wpex-child-inherit-color wpex-text-center wpex-leading-none wpex-inline-flex wpex-text-1\"><span class=\"wpex-flex wpex-icon\" aria-hidden=\"true\"><svg xmlns=\"http:\/\/www.w3.org\/2000\/svg\" viewBox=\"0 0 30 32\"><path d=\"M25.143 17.714v8.571q0 0.464-0.339 0.804t-0.804 0.339h-6.857v-6.857h-4.571v6.857h-6.857q-0.464 0-0.804-0.339t-0.339-0.804v-8.571q0-0.018 0.009-0.054t0.009-0.054l10.268-8.464 10.268 8.464q0.018 0.036 0.018 0.107zM29.125 16.482l-1.107 1.321q-0.143 0.161-0.375 0.196h-0.054q-0.232 0-0.375-0.125l-12.357-10.304-12.357 10.304q-0.214 0.143-0.429 0.125-0.232-0.036-0.375-0.196l-1.107-1.321q-0.143-0.179-0.125-0.42t0.196-0.384l12.839-10.696q0.571-0.464 1.357-0.464t1.357 0.464l4.357 3.643v-3.482q0-0.25 0.161-0.411t0.411-0.161h3.429q0.25 0 0.411 0.161t0.161 0.411v7.286l3.911 3.25q0.179 0.143 0.196 0.384t-0.125 0.42z\"><\/path><\/svg><\/span><\/div><\/div><div class=\"vcex-icon-box-text\"><h2 class=\"vcex-icon-box-heading wpex-heading wpex-text-md wpex-mb-10\">Konstruktion<\/h2><div class=\"vcex-icon-box-content wpex-last-mb-0 wpex-clr\"><p>Das Unternehmen hat L\u00f6sungen f\u00fcr den gesamten Bauprozess, von der Beratung f\u00fcr den Erwerb eines Grundst\u00fccks oder Geb\u00e4udes \u00fcber den Bau, die Reform oder eine ganzheitliche Rehabilitation.<\/p>\n<\/div><\/div><\/div>[\/vc_column][vc_column width=&#8221;1\/4&#8243;]<style>.vcex-icon-box.vcex_69f1db2e275b6 .vcex-icon-box-heading{text-transform:uppercase;}.vcex-icon-box.vcex_69f1db2e275b6 .vcex-icon-box-icon{font-size:36px;color:#000000;background-color:#ffb700;border-radius:99px;height:100px;width:100px;}.vcex-icon-box.vcex_69f1db2e275b6 .vcex-icon-box-symbol--icon{margin-block-end:30px;}<\/style><div class=\"vcex-module vcex-icon-box vcex-icon-box-two wpex-block wpex-text-center vcex_69f1db2e275b6\"><div class=\"vcex-icon-box-symbol vcex-icon-box-symbol--icon wpex-mb-20\"><div class=\"vcex-icon-box-icon wpex-items-center wpex-justify-center wpex-child-inherit-color wpex-text-center wpex-leading-none wpex-inline-flex wpex-text-1\"><span class=\"wpex-flex wpex-icon\" aria-hidden=\"true\"><svg xmlns=\"http:\/\/www.w3.org\/2000\/svg\" viewBox=\"0 0 384 512\"><path d=\"M192 512C86 512 0 426 0 320C0 228.8 130.2 57.7 166.6 11.7C172.6 4.2 181.5 0 191.1 0l1.8 0c9.6 0 18.5 4.2 24.5 11.7C253.8 57.7 384 228.8 384 320c0 106-86 192-192 192zM96 336c0-8.8-7.2-16-16-16s-16 7.2-16 16c0 61.9 50.1 112 112 112c8.8 0 16-7.2 16-16s-7.2-16-16-16c-44.2 0-80-35.8-80-80z\"\/><\/svg><\/span><\/div><\/div><div class=\"vcex-icon-box-text\"><h2 class=\"vcex-icon-box-heading wpex-heading wpex-text-md wpex-mb-10\">REFORMEN<\/h2><div class=\"vcex-icon-box-content wpex-last-mb-0 wpex-clr\"><p>Unser professionelles Team k\u00fcmmert sich um den gesamten Prozess, aus der entsprechenden Vorstudie, den Antrag der Genehmigungen, wenn die Reform es erfordert, oder die direkte Durchf\u00fchrung aller Aktionen zu entwickeln.<\/p>\n<\/div><\/div><\/div>[\/vc_column][vc_column width=&#8221;1\/4&#8243;]<style>.vcex-icon-box.vcex_69f1db2e27c87 .vcex-icon-box-heading{text-transform:uppercase;}.vcex-icon-box.vcex_69f1db2e27c87 .vcex-icon-box-icon{font-size:36px;color:#000000;background-color:#ffb700;border-radius:99px;height:100px;width:100px;}.vcex-icon-box.vcex_69f1db2e27c87 .vcex-icon-box-symbol--icon{margin-block-end:30px;}<\/style><div class=\"vcex-module vcex-icon-box vcex-icon-box-two wpex-block wpex-text-center vcex_69f1db2e27c87\"><div class=\"vcex-icon-box-symbol vcex-icon-box-symbol--icon wpex-mb-20\"><div class=\"vcex-icon-box-icon wpex-items-center wpex-justify-center wpex-child-inherit-color wpex-text-center wpex-leading-none wpex-inline-flex wpex-text-1\"><span class=\"wpex-flex wpex-icon\" aria-hidden=\"true\"><svg xmlns=\"http:\/\/www.w3.org\/2000\/svg\" viewBox=\"0 0 512 512\"><path d=\"M352 320c88.4 0 160-71.6 160-160c0-15.3-2.2-30.1-6.2-44.2c-3.1-10.8-16.4-13.2-24.3-5.3l-76.8 76.8c-3 3-7.1 4.7-11.3 4.7H336c-8.8 0-16-7.2-16-16V118.6c0-4.2 1.7-8.3 4.7-11.3l76.8-76.8c7.9-7.9 5.4-21.2-5.3-24.3C382.1 2.2 367.3 0 352 0C263.6 0 192 71.6 192 160c0 19.1 3.4 37.5 9.5 54.5L19.9 396.1C7.2 408.8 0 426.1 0 444.1C0 481.6 30.4 512 67.9 512c18 0 35.3-7.2 48-19.9L297.5 310.5c17 6.2 35.4 9.5 54.5 9.5zM80 408a24 24 0 1 1 0 48 24 24 0 1 1 0-48z\"\/><\/svg><\/span><\/div><\/div><div class=\"vcex-icon-box-text\"><h2 class=\"vcex-icon-box-heading wpex-heading wpex-text-md wpex-mb-10\">Rehabilitation<\/h2><div class=\"vcex-icon-box-content wpex-last-mb-0 wpex-clr\"><p>Rehabilitation von Geb\u00e4uden erfordert eine besondere Delikatesse. Respekt f\u00fcr die Vergangenheit in Kombination mit den modernsten konstruktiven Techniken wird praktisch eine Kunst in der Reichweite von wenigen.<\/p>\n<\/div><\/div><\/div>[\/vc_column][vc_column width=&#8221;1\/4&#8243;]<style>.vcex-icon-box.vcex_69f1db2e28325 .vcex-icon-box-heading{text-transform:uppercase;}.vcex-icon-box.vcex_69f1db2e28325 .vcex-icon-box-icon{font-size:36px;color:#000000;background-color:#ffb700;border-radius:99px;height:100px;width:100px;}.vcex-icon-box.vcex_69f1db2e28325 .vcex-icon-box-symbol--icon{margin-block-end:30px;}<\/style><div class=\"vcex-module vcex-icon-box vcex-icon-box-two wpex-block wpex-text-center vcex_69f1db2e28325\"><div class=\"vcex-icon-box-symbol vcex-icon-box-symbol--icon wpex-mb-20\"><div class=\"vcex-icon-box-icon wpex-items-center wpex-justify-center wpex-child-inherit-color wpex-text-center wpex-leading-none wpex-inline-flex wpex-text-1\"><span class=\"wpex-flex wpex-icon\" aria-hidden=\"true\"><svg xmlns=\"http:\/\/www.w3.org\/2000\/svg\" viewBox=\"0 0 512 512\"><path d=\"M495.9 166.6c3.2 8.7 .5 18.4-6.4 24.6l-43.3 39.4c1.1 8.3 1.7 16.8 1.7 25.4s-.6 17.1-1.7 25.4l43.3 39.4c6.9 6.2 9.6 15.9 6.4 24.6c-4.4 11.9-9.7 23.3-15.8 34.3l-4.7 8.1c-6.6 11-14 21.4-22.1 31.2c-5.9 7.2-15.7 9.6-24.5 6.8l-55.7-17.7c-13.4 10.3-28.2 18.9-44 25.4l-12.5 57.1c-2 9.1-9 16.3-18.2 17.8c-13.8 2.3-28 3.5-42.5 3.5s-28.7-1.2-42.5-3.5c-9.2-1.5-16.2-8.7-18.2-17.8l-12.5-57.1c-15.8-6.5-30.6-15.1-44-25.4L83.1 425.9c-8.8 2.8-18.6 .3-24.5-6.8c-8.1-9.8-15.5-20.2-22.1-31.2l-4.7-8.1c-6.1-11-11.4-22.4-15.8-34.3c-3.2-8.7-.5-18.4 6.4-24.6l43.3-39.4C64.6 273.1 64 264.6 64 256s.6-17.1 1.7-25.4L22.4 191.2c-6.9-6.2-9.6-15.9-6.4-24.6c4.4-11.9 9.7-23.3 15.8-34.3l4.7-8.1c6.6-11 14-21.4 22.1-31.2c5.9-7.2 15.7-9.6 24.5-6.8l55.7 17.7c13.4-10.3 28.2-18.9 44-25.4l12.5-57.1c2-9.1 9-16.3 18.2-17.8C227.3 1.2 241.5 0 256 0s28.7 1.2 42.5 3.5c9.2 1.5 16.2 8.7 18.2 17.8l12.5 57.1c15.8 6.5 30.6 15.1 44 25.4l55.7-17.7c8.8-2.8 18.6-.3 24.5 6.8c8.1 9.8 15.5 20.2 22.1 31.2l4.7 8.1c6.1 11 11.4 22.4 15.8 34.3zM256 336a80 80 0 1 0 0-160 80 80 0 1 0 0 160z\"\/><\/svg><\/span><\/div><\/div><div class=\"vcex-icon-box-text\"><h2 class=\"vcex-icon-box-heading wpex-heading wpex-text-md wpex-mb-10\">REPARATUREN<\/h2><div class=\"vcex-icon-box-content wpex-last-mb-0 wpex-clr\"><p>Reparatur von H\u00e4usern und Infrastrukturen. Renovierungen in Fu\u00dfb\u00f6den, H\u00e4usern oder Chalets. Verbesserung der Arbeiten, Elektroinstallationen, etc. Die gesamte Erfahrung und Arbeitskapazit\u00e4t von Milafran e Hijos, gestellt zu Ihren Diensten.<\/p>\n<\/div><\/div><\/div>[\/vc_column][\/vc_row][vc_row center_row=&#8221;yes&#8221; column_spacing=&#8221;40&#8243; css=&#8221;.vc_custom_1476675475241{padding-bottom: 30px !important;}&#8221;][vc_column width=&#8221;1\/3&#8243;][\/vc_column][vc_column width=&#8221;1\/3&#8243;][\/vc_column][vc_column width=&#8221;1\/3&#8243;][\/vc_column][\/vc_row][vc_row center_row=&#8221;&#8221;][vc_column css=&#8221;.vc_custom_1483025638992{margin-bottom: 0px !important;background-color: #ffffff !important;}&#8221;]<div class=\"vcex-heading vcex-heading-plain vcex-module wpex-heading wpex-text-2xl wpex-text-center vc_custom_1589279111624\"><span class=\"vcex-heading-inner wpex-inline-block\">UNSERE J\u00dcNGSTEN WERKE<\/span><\/div>[\/vc_column][\/vc_row]\n<\/div>","protected":false},"excerpt":{"rendered":"<p>[vc_row center_row=&#8221;&#8221;][vc_column margin_bottom=&#8221;0px&#8221;][\/vc_column][\/vc_row][vc_row center_row=&#8221;yes&#8221; column_spacing=&#8221;40&#8243; css=&#8221;.vc_custom_1476675481002{padding-top: 70px !important;}&#8221;][vc_column width=&#8221;1\/4&#8243;][\/vc_column][vc_column width=&#8221;1\/4&#8243;][\/vc_column][vc_column width=&#8221;1\/4&#8243;][\/vc_column][vc_column width=&#8221;1\/4&#8243;][\/vc_column][\/vc_row][vc_row center_row=&#8221;yes&#8221; column_spacing=&#8221;40&#8243; css=&#8221;.vc_custom_1476675475241{padding-bottom: 30px !important;}&#8221;][vc_column width=&#8221;1\/3&#8243;][\/vc_column][vc_column width=&#8221;1\/3&#8243;][\/vc_column][vc_column width=&#8221;1\/3&#8243;][\/vc_column][\/vc_row][vc_row center_row=&#8221;&#8221;][vc_column css=&#8221;.vc_custom_1483025638992{margin-bottom: 0px !important;background-color: #ffffff !important;}&#8221;][\/vc_column][\/vc_row]<\/p>\n","protected":false},"author":1,"featured_media":0,"parent":0,"menu_order":0,"comment_status":"closed","ping_status":"closed","template":"","meta":{"footnotes":""},"class_list":["post-231","page","type-page","status-publish","hentry","entry","no-media"],"_links":{"self":[{"href":"https:\/\/milafran.com\/de\/wp-json\/wp\/v2\/pages\/231","targetHints":{"allow":["GET"]}}],"collection":[{"href":"https:\/\/milafran.com\/de\/wp-json\/wp\/v2\/pages"}],"about":[{"href":"https:\/\/milafran.com\/de\/wp-json\/wp\/v2\/types\/page"}],"author":[{"embeddable":true,"href":"https:\/\/milafran.com\/de\/wp-json\/wp\/v2\/users\/1"}],"replies":[{"embeddable":true,"href":"https:\/\/milafran.com\/de\/wp-json\/wp\/v2\/comments?post=231"}],"version-history":[{"count":0,"href":"https:\/\/milafran.com\/de\/wp-json\/wp\/v2\/pages\/231\/revisions"}],"wp:attachment":[{"href":"https:\/\/milafran.com\/de\/wp-json\/wp\/v2\/media?parent=231"}],"curies":[{"name":"wp","href":"https:\/\/api.w.org\/{rel}","templated":true}]}}